{"id":661,"date":"2024-06-03T21:03:07","date_gmt":"2024-06-03T19:03:07","guid":{"rendered":"https:\/\/facade-valley.fr\/?page_id=661"},"modified":"2024-07-16T17:41:55","modified_gmt":"2024-07-16T15:41:55","slug":"enduits","status":"publish","type":"page","link":"https:\/\/facade-valley.fr\/?page_id=661","title":{"rendered":"Enduits\/Ravalement"},"content":{"rendered":"\n<div class=\"wp-block-cover alignfull is-light\" style=\"min-height:976px;aspect-ratio:unset;\"><span aria-hidden=\"true\" class=\"wp-block-cover__background has-nv-light-bg-background-color has-background-dim-100 has-background-dim\"><\/span><div class=\"wp-block-cover__inner-container is-layout-flow wp-block-cover-is-layout-flow\">\n<div class=\"wp-block-cover is-light\" style=\"min-height:604px;aspect-ratio:unset;\"><span aria-hidden=\"true\" class=\"wp-block-cover__background has-nv-site-bg-background-color has-background-dim-100 has-background-dim\"><\/span><div class=\"wp-block-cover__inner-container is-layout-flow wp-block-cover-is-layout-flow\"><div class=\"wp-block-image\">\n<figure class=\"aligncenter size-full\"><img loading=\"lazy\" decoding=\"async\" width=\"96\" height=\"96\" src=\"http:\/\/facade-valley.fr\/wp-content\/uploads\/2024\/06\/Image2.svg\" alt=\"\" class=\"wp-image-563\"\/><\/figure>\n<\/div>\n\n\n<h2 class=\"wp-block-heading has-text-align-center has-neve-text-color-color has-text-color\">Enduits monocouche <br>ou enduit \u00e0 la chaux<\/h2>\n\n\n<div class=\"wp-block-image\">\n<figure class=\"aligncenter size-large is-resized\"><img loading=\"lazy\" decoding=\"async\" width=\"1024\" height=\"682\" src=\"http:\/\/facade-valley.fr\/wp-content\/uploads\/2024\/07\/pexels-pixabay-358636-1024x682.jpg\" alt=\"\" class=\"wp-image-1034\" style=\"width:316px;height:auto\" srcset=\"https:\/\/facade-valley.fr\/wp-content\/uploads\/2024\/07\/pexels-pixabay-358636-1024x682.jpg 1024w, https:\/\/facade-valley.fr\/wp-content\/uploads\/2024\/07\/pexels-pixabay-358636-300x200.jpg 300w, https:\/\/facade-valley.fr\/wp-content\/uploads\/2024\/07\/pexels-pixabay-358636-768x511.jpg 768w, https:\/\/facade-valley.fr\/wp-content\/uploads\/2024\/07\/pexels-pixabay-358636-1536x1023.jpg 1536w, https:\/\/facade-valley.fr\/wp-content\/uploads\/2024\/07\/pexels-pixabay-358636-2048x1364.jpg 2048w, https:\/\/facade-valley.fr\/wp-content\/uploads\/2024\/07\/pexels-pixabay-358636-930x620.jpg 930w\" sizes=\"auto, (max-width: 1024px) 100vw, 1024px\" \/><\/figure>\n<\/div>\n\n\n<p><\/p>\n\n\n\n<p class=\"has-text-align-center\" style=\"padding-right:var(--wp--preset--spacing--50);padding-left:var(--wp--preset--spacing--50)\">Le ravalement d\u2019une fa\u00e7ade <mark style=\"background-color:rgba(0, 0, 0, 0)\" class=\"has-inline-color has-neve-link-hover-color-color\"><strong>consiste \u00e0 r\u00e9nover, traiter et embellir<\/strong><\/mark> la fa\u00e7ade de votre maison. <br>Cette technique permet aussi de <mark style=\"background-color:rgba(0, 0, 0, 0)\" class=\"has-inline-color has-neve-link-color-color\"><strong>r\u00e9nover une fa\u00e7ade ancienne<\/strong><\/mark> et lui rendre son apparence initiale.<\/p>\n\n\n\n<p style=\"padding-right:var(--wp--preset--spacing--50);padding-left:var(--wp--preset--spacing--50)\"><kbd>\u2022<\/kbd> <mark style=\"background-color:rgba(0, 0, 0, 0)\" class=\"has-inline-color has-neve-link-color-color\"><strong>Enduit \u00e0 la chaux <\/strong><\/mark>: L\u2019application d&rsquo;<mark style=\"background-color:rgba(0, 0, 0, 0)\" class=\"has-inline-color has-neve-link-color-color\"><strong>enduits \u00e0 la chaux<\/strong><\/mark> est recommand\u00e9 pour le b\u00e2ti ancien, et particuli\u00e8rement pour les murs en pierres (gr\u00e8s, calcaire,..). Cette <mark style=\"background-color:rgba(0, 0, 0, 0)\" class=\"has-inline-color has-neve-link-color-color\"><strong>technique artisanale<\/strong><\/mark> permet d&rsquo;obtenir un rendu esth\u00e9tique et authentique.<\/p>\n\n\n\n<p class=\"has-text-align-left\" style=\"padding-right:var(--wp--preset--spacing--50);padding-left:var(--wp--preset--spacing--50)\"><kbd>\u2022<\/kbd> <mark style=\"background-color:rgba(0, 0, 0, 0)\" class=\"has-inline-color has-neve-link-color-color\"><strong>Enduit monocouche :<\/strong><\/mark> L\u2019enduit monocouche est une solution de rev\u00eatement ext\u00e9rieur, offrant \u00e0 la fois protection, \u00e9tanch\u00e9it\u00e9 et esth\u00e9tique \u00e0 votre b\u00e2timent.<\/p>\n<\/div><\/div>\n<\/div><\/div>\n\n\n\n<div style=\"height:10px\" aria-hidden=\"true\" class=\"wp-block-spacer\"><\/div>\n\n\n\n<div class=\"wp-block-cover alignwide is-light\" style=\"min-height:726px;aspect-ratio:unset;\"><span aria-hidden=\"true\" class=\"wp-block-cover__background has-nv-site-bg-background-color has-background-dim-100 has-background-dim\"><\/span><div class=\"wp-block-cover__inner-container is-layout-flow wp-block-cover-is-layout-flow\">\n<div style=\"height:0px\" aria-hidden=\"true\" class=\"wp-block-spacer\"><\/div>\n\n\n\n<div class=\"wp-block-columns is-layout-flex wp-container-core-columns-is-layout-9d6595d7 wp-block-columns-is-layout-flex\">\n<div class=\"wp-block-column is-layout-flow wp-block-column-is-layout-flow\">\n<h3 class=\"wp-block-heading has-neve-text-color-color has-text-color\" style=\"padding-right:var(--wp--preset--spacing--40);padding-left:var(--wp--preset--spacing--40)\">Pourquoi r\u00e9aliser un ravalement avec un enduit monocouche ?<\/h3>\n\n\n\n<p style=\"padding-right:var(--wp--preset--spacing--40);padding-left:var(--wp--preset--spacing--40)\">Entre <mark style=\"background-color:rgba(0, 0, 0, 0)\" class=\"has-inline-color has-neve-link-color-color\"><strong>tradition et performance<\/strong><\/mark>, ils permettent une application rapide, demandent peu d\u2019entretien, se d\u00e9gradent peu dans le temps. Ils <mark style=\"background-color:rgba(0, 0, 0, 0)\" class=\"has-inline-color has-neve-link-color-color\"><strong>offrent \u00e0 une tr\u00e8s large palette de teintes<\/strong><\/mark> et surtout repr\u00e9sentent une solution au co\u00fbt mod\u00e9r\u00e9. Con\u00e7us pour des <mark style=\"background-color:rgba(0, 0, 0, 0)\" class=\"has-inline-color has-neve-link-color-color\"><strong>b\u00e2timents r\u00e9cents<\/strong><\/mark>, ou des <mark style=\"background-color:rgba(0, 0, 0, 0)\" class=\"has-inline-color has-neve-link-color-color\"><strong>b\u00e2timents \u00e0 r\u00e9nover<\/strong><\/mark>, les enduits monocouches couvrent les imperfections du support, prot\u00e8gent des intemp\u00e9ries et, bien \u00e9videmment, affirment un style.<\/p>\n\n\n\n<p style=\"padding-right:var(--wp--preset--spacing--40);padding-left:var(--wp--preset--spacing--40)\">Chez <strong><mark style=\"background-color:rgba(0, 0, 0, 0)\" class=\"has-inline-color has-neve-link-hover-color-color\">FACADE VALLEY<\/mark><\/strong> nous proposons cette solution afin d&#8217;embellir vos fa\u00e7ades mais aussi de la prot\u00e9ger des agressions ext\u00e9rieures.<\/p>\n\n\n\n<p style=\"padding-right:var(--wp--preset--spacing--40);padding-left:var(--wp--preset--spacing--40)\">Enduits de fa\u00e7ades&nbsp;monocouches, <mark style=\"background-color:rgba(0, 0, 0, 0)\" class=\"has-inline-color has-neve-link-hover-color-color\"><strong>enduits traditionnels \u00e0 la chaux<\/strong><\/mark>, enduits d\u00e9coratifs&#8230; Nous vous proposons une gamme compl\u00e8te de rev\u00eatements adapt\u00e9s au style de votre maison et \u00e0 vos go\u00fbts.<\/p>\n<\/div>\n\n\n\n<div class=\"wp-block-column is-layout-flow wp-block-column-is-layout-flow\">\n<h3 class=\"wp-block-heading has-neve-text-color-color has-text-color\" style=\"padding-right:var(--wp--preset--spacing--40);padding-left:var(--wp--preset--spacing--40)\">Comment choisir le produit adapt\u00e9 \u00e0 votre fa\u00e7ade ?<\/h3>\n\n\n\n<p class=\"has-neve-text-color-color has-text-color\" style=\"padding-right:var(--wp--preset--spacing--40);padding-left:var(--wp--preset--spacing--40)\">Avec une vari\u00e9t\u00e9 de textures et de couleurs, l\u2019<mark style=\"background-color:rgba(0, 0, 0, 0)\" class=\"has-inline-color has-neve-link-color-color\"><strong>enduit monocouche<\/strong><\/mark> ou \u00e0 <mark style=\"background-color:rgba(0, 0, 0, 0)\" class=\"has-inline-color has-neve-link-color-color\"><strong>la chaux<\/strong><\/mark> permet de personnaliser l\u2019apparence de votre fa\u00e7ade selon vos go\u00fbts, tout en offrant un aspect neuf et soign\u00e9.<\/p>\n\n\n\n<p style=\"padding-right:var(--wp--preset--spacing--40);padding-left:var(--wp--preset--spacing--40)\"><mark style=\"background-color:rgba(0, 0, 0, 0)\" class=\"has-inline-color has-neve-link-color-color\"><strong><span style=\"text-decoration: underline;\">La chaux : un mat\u00e9riau exceptionnel<\/span><\/strong><\/mark> :<\/p>\n\n\n\n<p style=\"padding-right:var(--wp--preset--spacing--40);padding-left:var(--wp--preset--spacing--40)\"><mark style=\"background-color:rgba(0, 0, 0, 0)\" class=\"has-inline-color has-neve-link-color-color\"><strong>Souple et \u00e9lastique :<\/strong><\/mark> Gr\u00e2ce \u00e0 ses remarquables qualit\u00e9s m\u00e9caniques, elle s\u2019adapte \u00e0 la vie du support.<br><mark style=\"background-color:rgba(0, 0, 0, 0)\" class=\"has-inline-color has-neve-link-color-color\"><strong>Perspirante :<\/strong><\/mark> La chaux r\u00e9gule l&rsquo;hygrom\u00e9trie gr\u00e2ce \u00e0 sa microporosit\u00e9. En captant et expulsant les vapeurs d&rsquo;eau, elle \u00e9vite condensations et moisissures qu\u2019elles causeraient.<br><mark style=\"background-color:rgba(0, 0, 0, 0)\" class=\"has-inline-color has-neve-link-color-color\"><strong>Imperm\u00e9able : <\/strong><\/mark>Bien qu&rsquo;elle capte l&rsquo;humidit\u00e9 de l&rsquo;air, la chaux est imperm\u00e9able \u00e0 l&rsquo;eau de ruissellement.<br><mark style=\"background-color:rgba(0, 0, 0, 0)\" class=\"has-inline-color has-neve-link-color-color\"><strong>Ecologique :<\/strong><\/mark> Sa fabrication demande bien moins d\u2019\u00e9nergie que le ciment et son empreinte carbone est r\u00e9duite puisqu&rsquo;elle a la propri\u00e9t\u00e9 de fixer le CO2 de l\u2019air.<br><mark style=\"background-color:rgba(0, 0, 0, 0)\" class=\"has-inline-color has-neve-link-color-color\"><strong>Respectueuse et \u00e9volutive :<\/strong><\/mark> Elle n\u2019agresse pas le mat\u00e9riau sur lequel elle est appliqu\u00e9e.<\/p>\n<\/div>\n<\/div>\n<\/div><\/div>\n\n\n\n<div class=\"wp-block-cover aligncenter is-light\" style=\"min-height:447px;aspect-ratio:unset;\"><span aria-hidden=\"true\" class=\"wp-block-cover__background has-nv-dark-bg-background-color has-background-dim-80 has-background-dim\"><\/span><img loading=\"lazy\" decoding=\"async\" width=\"1000\" height=\"1000\" class=\"wp-block-cover__image-background wp-image-616\" alt=\"\" src=\"http:\/\/facade-valley.fr\/wp-content\/uploads\/2024\/06\/acceuil.jpg\" data-object-fit=\"cover\" srcset=\"https:\/\/facade-valley.fr\/wp-content\/uploads\/2024\/06\/acceuil.jpg 1000w, https:\/\/facade-valley.fr\/wp-content\/uploads\/2024\/06\/acceuil-300x300.jpg 300w, https:\/\/facade-valley.fr\/wp-content\/uploads\/2024\/06\/acceuil-150x150.jpg 150w, https:\/\/facade-valley.fr\/wp-content\/uploads\/2024\/06\/acceuil-768x768.jpg 768w\" sizes=\"auto, (max-width: 1000px) 100vw, 1000px\" \/><div class=\"wp-block-cover__inner-container is-layout-flow wp-block-cover-is-layout-flow\">\n<h2 class=\"wp-block-heading has-text-align-center has-nv-text-dark-bg-color has-text-color\">Entretien &amp; Garantie<\/h2>\n\n\n\n<p class=\"has-text-align-center has-nv-site-bg-color has-text-color has-link-color wp-elements-edb81d857cd11b33b4e1fad91d29284c\">Nos travaux de ravalement en enduit monocouche sont assortis d\u2019une garantie d\u00e9cennale,<br>vous assurant une tranquillit\u00e9 pour les dix ann\u00e9es suivant la r\u00e9ception du chantier.<br>En ce qui concerne l\u2019entretien, nous vous fournissons des conseils avis\u00e9s et des solutions<br>pour pr\u00e9server \u00e0 la fois l\u2019esth\u00e9tique et la performance de vos enduits contre l\u2019encrassement<br>et les conditions environnementales.<\/p>\n\n\n\n<div class=\"wp-block-buttons is-horizontal is-content-justification-center is-layout-flex wp-container-core-buttons-is-layout-499968f5 wp-block-buttons-is-layout-flex\">\n<div class=\"wp-block-button is-style-primary\"><a class=\"wp-block-button__link has-nv-site-bg-color has-text-color has-link-color wp-element-button\" href=\"https:\/\/facade-valley.fr\/#contact-valley\">Nous contacter<\/a><\/div>\n<\/div>\n<\/div><\/div>\n\n\n\n<div style=\"height:64px\" aria-hidden=\"true\" class=\"wp-block-spacer\"><\/div>\n","protected":false},"excerpt":{"rendered":"","protected":false},"author":1,"featured_media":0,"parent":0,"menu_order":0,"comment_status":"closed","ping_status":"closed","template":"","meta":{"neve_meta_sidebar":"full-width","neve_meta_container":"contained","neve_meta_enable_content_width":"on","neve_meta_content_width":100,"neve_meta_title_alignment":"","neve_meta_author_avatar":"","neve_post_elements_order":"","neve_meta_disable_header":"","neve_meta_disable_footer":"","neve_meta_disable_title":"on","_themeisle_gutenberg_block_has_review":false,"footnotes":""},"class_list":["post-661","page","type-page","status-publish","hentry"],"yoast_head":"<!-- This site is optimized with the Yoast SEO plugin v25.5 - https:\/\/yoast.com\/wordpress\/plugins\/seo\/ -->\n<title>Enduits\/Ravalement - Facade Valley<\/title>\n<meta name=\"robots\" content=\"index, follow, max-snippet:-1, max-image-preview:large, max-video-preview:-1\" \/>\n<link rel=\"canonical\" href=\"https:\/\/facade-valley.fr\/?page_id=661\" \/>\n<meta property=\"og:locale\" content=\"fr_FR\" \/>\n<meta property=\"og:type\" content=\"article\" \/>\n<meta property=\"og:title\" content=\"Enduits\/Ravalement - Facade Valley\" \/>\n<meta property=\"og:url\" content=\"https:\/\/facade-valley.fr\/?page_id=661\" \/>\n<meta property=\"og:site_name\" content=\"Facade Valley\" \/>\n<meta property=\"article:modified_time\" content=\"2024-07-16T15:41:55+00:00\" \/>\n<meta property=\"og:image\" content=\"http:\/\/facade-valley.fr\/wp-content\/uploads\/2024\/06\/Image2.svg\" \/>\n<meta name=\"twitter:card\" content=\"summary_large_image\" \/>\n<meta name=\"twitter:label1\" content=\"Dur\u00e9e de lecture estim\u00e9e\" \/>\n\t<meta name=\"twitter:data1\" content=\"3 minutes\" \/>\n<script type=\"application\/ld+json\" class=\"yoast-schema-graph\">{\"@context\":\"https:\/\/schema.org\",\"@graph\":[{\"@type\":\"WebPage\",\"@id\":\"https:\/\/facade-valley.fr\/?page_id=661\",\"url\":\"https:\/\/facade-valley.fr\/?page_id=661\",\"name\":\"Enduits\/Ravalement - Facade Valley\",\"isPartOf\":{\"@id\":\"https:\/\/facade-valley.fr\/#website\"},\"primaryImageOfPage\":{\"@id\":\"https:\/\/facade-valley.fr\/?page_id=661#primaryimage\"},\"image\":{\"@id\":\"https:\/\/facade-valley.fr\/?page_id=661#primaryimage\"},\"thumbnailUrl\":\"http:\/\/facade-valley.fr\/wp-content\/uploads\/2024\/06\/Image2.svg\",\"datePublished\":\"2024-06-03T19:03:07+00:00\",\"dateModified\":\"2024-07-16T15:41:55+00:00\",\"breadcrumb\":{\"@id\":\"https:\/\/facade-valley.fr\/?page_id=661#breadcrumb\"},\"inLanguage\":\"fr-FR\",\"potentialAction\":[{\"@type\":\"ReadAction\",\"target\":[\"https:\/\/facade-valley.fr\/?page_id=661\"]}]},{\"@type\":\"ImageObject\",\"inLanguage\":\"fr-FR\",\"@id\":\"https:\/\/facade-valley.fr\/?page_id=661#primaryimage\",\"url\":\"https:\/\/facade-valley.fr\/wp-content\/uploads\/2024\/06\/Image2.svg\",\"contentUrl\":\"https:\/\/facade-valley.fr\/wp-content\/uploads\/2024\/06\/Image2.svg\",\"width\":96,\"height\":96,\"caption\":\"mur brique\"},{\"@type\":\"BreadcrumbList\",\"@id\":\"https:\/\/facade-valley.fr\/?page_id=661#breadcrumb\",\"itemListElement\":[{\"@type\":\"ListItem\",\"position\":1,\"name\":\"Accueil\",\"item\":\"https:\/\/facade-valley.fr\/\"},{\"@type\":\"ListItem\",\"position\":2,\"name\":\"Enduits\/Ravalement\"}]},{\"@type\":\"WebSite\",\"@id\":\"https:\/\/facade-valley.fr\/#website\",\"url\":\"https:\/\/facade-valley.fr\/\",\"name\":\"Facade Valley\",\"description\":\"Facade Valley - Experts en fa\u00e7ades en r\u00e9gion Indre et Loire\",\"publisher\":{\"@id\":\"https:\/\/facade-valley.fr\/#organization\"},\"potentialAction\":[{\"@type\":\"SearchAction\",\"target\":{\"@type\":\"EntryPoint\",\"urlTemplate\":\"https:\/\/facade-valley.fr\/?s={search_term_string}\"},\"query-input\":{\"@type\":\"PropertyValueSpecification\",\"valueRequired\":true,\"valueName\":\"search_term_string\"}}],\"inLanguage\":\"fr-FR\"},{\"@type\":\"Organization\",\"@id\":\"https:\/\/facade-valley.fr\/#organization\",\"name\":\"Facade Valley\",\"url\":\"https:\/\/facade-valley.fr\/\",\"logo\":{\"@type\":\"ImageObject\",\"inLanguage\":\"fr-FR\",\"@id\":\"https:\/\/facade-valley.fr\/#\/schema\/logo\/image\/\",\"url\":\"https:\/\/facade-valley.fr\/wp-content\/uploads\/2024\/05\/Color-logo-no-background.png\",\"contentUrl\":\"https:\/\/facade-valley.fr\/wp-content\/uploads\/2024\/05\/Color-logo-no-background.png\",\"width\":3172,\"height\":1377,\"caption\":\"Facade Valley\"},\"image\":{\"@id\":\"https:\/\/facade-valley.fr\/#\/schema\/logo\/image\/\"}}]}<\/script>\n<!-- \/ Yoast SEO plugin. -->","yoast_head_json":{"title":"Enduits\/Ravalement - Facade Valley","robots":{"index":"index","follow":"follow","max-snippet":"max-snippet:-1","max-image-preview":"max-image-preview:large","max-video-preview":"max-video-preview:-1"},"canonical":"https:\/\/facade-valley.fr\/?page_id=661","og_locale":"fr_FR","og_type":"article","og_title":"Enduits\/Ravalement - Facade Valley","og_url":"https:\/\/facade-valley.fr\/?page_id=661","og_site_name":"Facade Valley","article_modified_time":"2024-07-16T15:41:55+00:00","og_image":[{"url":"http:\/\/facade-valley.fr\/wp-content\/uploads\/2024\/06\/Image2.svg","type":"","width":"","height":""}],"twitter_card":"summary_large_image","twitter_misc":{"Dur\u00e9e de lecture estim\u00e9e":"3 minutes"},"schema":{"@context":"https:\/\/schema.org","@graph":[{"@type":"WebPage","@id":"https:\/\/facade-valley.fr\/?page_id=661","url":"https:\/\/facade-valley.fr\/?page_id=661","name":"Enduits\/Ravalement - Facade Valley","isPartOf":{"@id":"https:\/\/facade-valley.fr\/#website"},"primaryImageOfPage":{"@id":"https:\/\/facade-valley.fr\/?page_id=661#primaryimage"},"image":{"@id":"https:\/\/facade-valley.fr\/?page_id=661#primaryimage"},"thumbnailUrl":"http:\/\/facade-valley.fr\/wp-content\/uploads\/2024\/06\/Image2.svg","datePublished":"2024-06-03T19:03:07+00:00","dateModified":"2024-07-16T15:41:55+00:00","breadcrumb":{"@id":"https:\/\/facade-valley.fr\/?page_id=661#breadcrumb"},"inLanguage":"fr-FR","potentialAction":[{"@type":"ReadAction","target":["https:\/\/facade-valley.fr\/?page_id=661"]}]},{"@type":"ImageObject","inLanguage":"fr-FR","@id":"https:\/\/facade-valley.fr\/?page_id=661#primaryimage","url":"https:\/\/facade-valley.fr\/wp-content\/uploads\/2024\/06\/Image2.svg","contentUrl":"https:\/\/facade-valley.fr\/wp-content\/uploads\/2024\/06\/Image2.svg","width":96,"height":96,"caption":"mur brique"},{"@type":"BreadcrumbList","@id":"https:\/\/facade-valley.fr\/?page_id=661#breadcrumb","itemListElement":[{"@type":"ListItem","position":1,"name":"Accueil","item":"https:\/\/facade-valley.fr\/"},{"@type":"ListItem","position":2,"name":"Enduits\/Ravalement"}]},{"@type":"WebSite","@id":"https:\/\/facade-valley.fr\/#website","url":"https:\/\/facade-valley.fr\/","name":"Facade Valley","description":"Facade Valley - Experts en fa\u00e7ades en r\u00e9gion Indre et Loire","publisher":{"@id":"https:\/\/facade-valley.fr\/#organization"},"potentialAction":[{"@type":"SearchAction","target":{"@type":"EntryPoint","urlTemplate":"https:\/\/facade-valley.fr\/?s={search_term_string}"},"query-input":{"@type":"PropertyValueSpecification","valueRequired":true,"valueName":"search_term_string"}}],"inLanguage":"fr-FR"},{"@type":"Organization","@id":"https:\/\/facade-valley.fr\/#organization","name":"Facade Valley","url":"https:\/\/facade-valley.fr\/","logo":{"@type":"ImageObject","inLanguage":"fr-FR","@id":"https:\/\/facade-valley.fr\/#\/schema\/logo\/image\/","url":"https:\/\/facade-valley.fr\/wp-content\/uploads\/2024\/05\/Color-logo-no-background.png","contentUrl":"https:\/\/facade-valley.fr\/wp-content\/uploads\/2024\/05\/Color-logo-no-background.png","width":3172,"height":1377,"caption":"Facade Valley"},"image":{"@id":"https:\/\/facade-valley.fr\/#\/schema\/logo\/image\/"}}]}},"_links":{"self":[{"href":"https:\/\/facade-valley.fr\/index.php?rest_route=\/wp\/v2\/pages\/661","targetHints":{"allow":["GET"]}}],"collection":[{"href":"https:\/\/facade-valley.fr\/index.php?rest_route=\/wp\/v2\/pages"}],"about":[{"href":"https:\/\/facade-valley.fr\/index.php?rest_route=\/wp\/v2\/types\/page"}],"author":[{"embeddable":true,"href":"https:\/\/facade-valley.fr\/index.php?rest_route=\/wp\/v2\/users\/1"}],"replies":[{"embeddable":true,"href":"https:\/\/facade-valley.fr\/index.php?rest_route=%2Fwp%2Fv2%2Fcomments&post=661"}],"version-history":[{"count":42,"href":"https:\/\/facade-valley.fr\/index.php?rest_route=\/wp\/v2\/pages\/661\/revisions"}],"predecessor-version":[{"id":1041,"href":"https:\/\/facade-valley.fr\/index.php?rest_route=\/wp\/v2\/pages\/661\/revisions\/1041"}],"wp:attachment":[{"href":"https:\/\/facade-valley.fr\/index.php?rest_route=%2Fwp%2Fv2%2Fmedia&parent=661"}],"curies":[{"name":"wp","href":"https:\/\/api.w.org\/{rel}","templated":true}]}}