{"id":585,"date":"2024-06-03T16:29:39","date_gmt":"2024-06-03T14:29:39","guid":{"rendered":"https:\/\/facade-valley.fr\/?page_id=585"},"modified":"2024-07-16T17:41:31","modified_gmt":"2024-07-16T15:41:31","slug":"peinture","status":"publish","type":"page","link":"https:\/\/facade-valley.fr\/?page_id=585","title":{"rendered":"Peinture\/Imperm\u00e9abilisation"},"content":{"rendered":"\n<div class=\"wp-block-cover alignfull is-light\"><span aria-hidden=\"true\" class=\"wp-block-cover__background has-nv-light-bg-background-color has-background-dim-100 has-background-dim\"><\/span><div class=\"wp-block-cover__inner-container is-layout-flow wp-block-cover-is-layout-flow\">\n<div class=\"wp-block-cover alignwide is-light\" style=\"min-height:366px;aspect-ratio:unset;\"><span aria-hidden=\"true\" class=\"wp-block-cover__background has-nv-site-bg-background-color has-background-dim-100 has-background-dim\"><\/span><div class=\"wp-block-cover__inner-container is-layout-flow wp-block-cover-is-layout-flow\"><div class=\"wp-block-image\">\n<figure class=\"aligncenter size-full\"><img loading=\"lazy\" decoding=\"async\" width=\"96\" height=\"96\" src=\"http:\/\/facade-valley.fr\/wp-content\/uploads\/2024\/06\/Image7.svg\" alt=\"\" class=\"wp-image-558\"\/><\/figure>\n<\/div>\n\n\n<h2 class=\"wp-block-heading has-text-align-center has-neve-text-color-color has-text-color\">Peinture &amp; Imperm\u00e9abilisation<\/h2>\n\n\n<div class=\"wp-block-image\">\n<figure class=\"aligncenter size-full is-resized\"><img loading=\"lazy\" decoding=\"async\" width=\"600\" height=\"400\" src=\"http:\/\/facade-valley.fr\/wp-content\/uploads\/2024\/07\/depositphotos_61734427-stock-photo-house-painter-painting-the-trim.webp\" alt=\"\" class=\"wp-image-1039\" style=\"width:274px;height:auto\" srcset=\"https:\/\/facade-valley.fr\/wp-content\/uploads\/2024\/07\/depositphotos_61734427-stock-photo-house-painter-painting-the-trim.webp 600w, https:\/\/facade-valley.fr\/wp-content\/uploads\/2024\/07\/depositphotos_61734427-stock-photo-house-painter-painting-the-trim-300x200.webp 300w\" sizes=\"auto, (max-width: 600px) 100vw, 600px\" \/><\/figure>\n<\/div>\n\n\n<p><\/p>\n\n\n\n<p class=\"has-text-align-center\">La <mark style=\"background-color:rgba(0, 0, 0, 0)\" class=\"has-inline-color has-neve-link-color-color\"><strong>peinture de fa\u00e7ade<\/strong><\/mark> est bien plus qu&rsquo;un simple rev\u00eatement de vos murs ext\u00e9rieurs. Celle-ci permet de <mark style=\"background-color:rgba(0, 0, 0, 0)\" class=\"has-inline-color has-neve-link-color-color\"><strong>prot\u00e9ger vos fa\u00e7ades<\/strong><\/mark> contre les intemp\u00e9ries ainsi que de <mark style=\"background-color:rgba(0, 0, 0, 0)\" class=\"has-inline-color has-neve-link-color-color\"><strong>les embellir<\/strong><\/mark>.<\/p>\n<\/div><\/div>\n<\/div><\/div>\n\n\n\n<div style=\"height:29px\" aria-hidden=\"true\" class=\"wp-block-spacer\"><\/div>\n\n\n\n<div class=\"wp-block-cover alignfull is-light\"><span aria-hidden=\"true\" class=\"wp-block-cover__background has-nv-site-bg-background-color has-background-dim-100 has-background-dim\"><\/span><div class=\"wp-block-cover__inner-container is-layout-flow wp-block-cover-is-layout-flow\">\n<div style=\"height:0px\" aria-hidden=\"true\" class=\"wp-block-spacer\"><\/div>\n\n\n\n<div class=\"wp-block-columns is-layout-flex wp-container-core-columns-is-layout-9d6595d7 wp-block-columns-is-layout-flex\">\n<div class=\"wp-block-column is-layout-flow wp-block-column-is-layout-flow\">\n<h3 class=\"wp-block-heading has-neve-text-color-color has-text-color\" style=\"padding-right:var(--wp--preset--spacing--40);padding-left:var(--wp--preset--spacing--40)\">Pourquoi r\u00e9nover et\/ou changer l\u2019apparence esth\u00e9tique de votre fa\u00e7ade&nbsp;?<\/h3>\n\n\n\n<p style=\"padding-right:var(--wp--preset--spacing--40);padding-left:var(--wp--preset--spacing--40)\">Chez FACADE VALLEY, nous comprenons l\u2019importance de bien r\u00e9pondre \u00e0 <mark style=\"background-color:rgba(0, 0, 0, 0)\" class=\"has-inline-color has-neve-link-color-color\"><strong>vos besoins<\/strong><\/mark> et \u00e9tablir <mark style=\"background-color:rgba(0, 0, 0, 0)\" class=\"has-inline-color has-neve-link-color-color\"><strong>le bon diagnostic<\/strong>.<\/mark><br>C\u2019est pourquoi nous proposons des produits adapt\u00e9s \u00e0 chaque type de support : rev\u00eatement, polyur\u00e9thane haute r\u00e9sistance, sous-couche, peinture acrylique, peinture siloxane, rev\u00eatement structur\u00e9, peinture liquide, nettoyant\u2026<\/p>\n\n\n\n<h3 class=\"wp-block-heading\" style=\"padding-right:var(--wp--preset--spacing--40);padding-left:var(--wp--preset--spacing--40)\">Quelle gamme de teintes et finitions ?<\/h3>\n\n\n\n<p style=\"padding-right:var(--wp--preset--spacing--40);padding-left:var(--wp--preset--spacing--40)\">Nous offrons un <strong><mark style=\"background-color:rgba(0, 0, 0, 0)\" class=\"has-inline-color has-neve-link-color-color\">vaste choix de teintes<\/mark><\/strong>, pr\u00e9sent\u00e9es sur nuancier, avec la possibilit\u00e9 de cr\u00e9er des contretypes pour r\u00e9pondre parfaitement \u00e0 vos attentes esth\u00e9tiques.<\/p>\n\n\n\n<p><\/p>\n<\/div>\n\n\n\n<div class=\"wp-block-column is-layout-flow wp-block-column-is-layout-flow\">\n<h3 class=\"wp-block-heading has-neve-text-color-color has-text-color\" style=\"padding-right:var(--wp--preset--spacing--40);padding-left:var(--wp--preset--spacing--40)\">Comment choisir le produit adapt\u00e9 \u00e0 votre fa\u00e7ade ?<\/h3>\n\n\n\n<p style=\"padding-right:var(--wp--preset--spacing--40);padding-left:var(--wp--preset--spacing--40)\"><strong><mark style=\"background-color:rgba(0, 0, 0, 0)\" class=\"has-inline-color has-neve-link-color-color\">Reconnaissance du support<\/mark><\/strong> : la cl\u00e9 d\u2019une r\u00e9ponse pr\u00e9cise \u00e0 vos besoins. <\/p>\n\n\n\n<p style=\"padding-right:var(--wp--preset--spacing--40);padding-left:var(--wp--preset--spacing--40)\"><mark style=\"background-color:rgba(0, 0, 0, 0)\" class=\"has-inline-color has-neve-link-color-color\"><strong>L\u2019orientation<\/strong><\/mark> de <strong><mark style=\"background-color:rgba(0, 0, 0, 0)\" class=\"has-inline-color has-neve-link-color-color\">notre diagnostic et solution<\/mark><\/strong> d\u00e9pend essentiellement de l\u2019\u00e9tat de votre fa\u00e7ade. Par exemple, un support sans fissures, une peinture liquide d\u00e9corative est id\u00e9ale. <\/p>\n\n\n\n<p style=\"padding-right:var(--wp--preset--spacing--40);padding-left:var(--wp--preset--spacing--40)\">En pr\u00e9sence de fissures, un <strong><mark style=\"background-color:rgba(0, 0, 0, 0)\" class=\"has-inline-color has-neve-link-color-color\">rev\u00eatement structur\u00e9<\/mark><\/strong> avec ajout de charge min\u00e9rale masquera efficacement les imperfections.<\/p>\n\n\n\n<p style=\"padding-right:var(--wp--preset--spacing--40);padding-left:var(--wp--preset--spacing--40)\"><br>En fonction des demandes nous pouvons <strong><mark style=\"background-color:rgba(0, 0, 0, 0)\" class=\"has-inline-color has-neve-link-color-color\">orienter et proposer<\/mark><\/strong>&nbsp;:&nbsp;<br>&#8211; Une <strong><mark style=\"background-color:rgba(0, 0, 0, 0)\" class=\"has-inline-color has-neve-link-color-color\">peinture acrylique<\/mark><\/strong>&nbsp;: tr\u00e8s couvrante, elle est particuli\u00e8rement adapt\u00e9e aux murs pr\u00e9sentant des asp\u00e9rit\u00e9s<br>&#8211; Une <strong><mark style=\"background-color:rgba(0, 0, 0, 0)\" class=\"has-inline-color has-neve-link-color-color\">peinture pliolite<\/mark><\/strong>&nbsp;: \u00e0 adopter pour les murs lisses et sains.<br>&#8211; Les peintures \u00e0 base de <strong><mark style=\"background-color:rgba(0, 0, 0, 0)\" class=\"has-inline-color has-neve-link-color-color\">r\u00e9sine siloxane<\/mark><\/strong>&nbsp;: offrent une protection exceptionnelle contre l\u2019encrassement qui sera particuli\u00e8rement utilis\u00e9es dans les zones o\u00f9 les conditions m\u00e9t\u00e9orologiques sont plus difficiles.<\/p>\n\n\n\n<p style=\"padding-right:var(--wp--preset--spacing--40);padding-left:var(--wp--preset--spacing--40)\">Choisies avec le plus grand soin, selon les exigences qui caract\u00e9risent notre travail et nos interventions, nos peintures ont une excellente adh\u00e9rence et r\u00e9sisteront parfaitement aux<br>intemp\u00e9ries et aux UV.<\/p>\n<\/div>\n<\/div>\n\n\n\n<div style=\"height:0px\" aria-hidden=\"true\" class=\"wp-block-spacer\"><\/div>\n<\/div><\/div>\n\n\n\n<div class=\"wp-block-cover aligncenter is-light\" style=\"min-height:435px;aspect-ratio:unset;\"><span aria-hidden=\"true\" class=\"wp-block-cover__background has-nv-dark-bg-background-color has-background-dim-80 has-background-dim\"><\/span><img loading=\"lazy\" decoding=\"async\" width=\"1000\" height=\"1000\" class=\"wp-block-cover__image-background wp-image-616\" alt=\"\" src=\"http:\/\/facade-valley.fr\/wp-content\/uploads\/2024\/06\/acceuil.jpg\" data-object-fit=\"cover\" srcset=\"https:\/\/facade-valley.fr\/wp-content\/uploads\/2024\/06\/acceuil.jpg 1000w, https:\/\/facade-valley.fr\/wp-content\/uploads\/2024\/06\/acceuil-300x300.jpg 300w, https:\/\/facade-valley.fr\/wp-content\/uploads\/2024\/06\/acceuil-150x150.jpg 150w, https:\/\/facade-valley.fr\/wp-content\/uploads\/2024\/06\/acceuil-768x768.jpg 768w\" sizes=\"auto, (max-width: 1000px) 100vw, 1000px\" \/><div class=\"wp-block-cover__inner-container is-layout-flow wp-block-cover-is-layout-flow\">\n<h2 class=\"wp-block-heading has-text-align-center has-nv-text-dark-bg-color has-text-color\">Entretien &amp; Garantie<\/h2>\n\n\n\n<p class=\"has-text-align-center has-nv-site-bg-color has-text-color has-link-color wp-elements-1d8b94074dc4dd67909178a7c53065ca\">Nos travaux d\u2019imperm\u00e9abilisation et peinture sont assortie d\u2019une garantie d\u00e9cennale, vous<br>assurant une tranquillit\u00e9 pour les dix ann\u00e9es suivant la r\u00e9ception du chantier.<br>En ce qui concerne l\u2019entretien, nous vous fournissons des conseils avis\u00e9s et des solutions<br>pour pr\u00e9server \u00e0 la fois l\u2019esth\u00e9tique et la performance<\/p>\n\n\n\n<div class=\"wp-block-buttons is-horizontal is-content-justification-center is-layout-flex wp-container-core-buttons-is-layout-499968f5 wp-block-buttons-is-layout-flex\">\n<div class=\"wp-block-button is-style-primary\"><a class=\"wp-block-button__link has-nv-site-bg-color has-text-color has-link-color wp-element-button\" href=\"https:\/\/facade-valley.fr\/#contact-valley\">Nous contacter<\/a><\/div>\n<\/div>\n<\/div><\/div>\n\n\n\n<div style=\"height:64px\" aria-hidden=\"true\" class=\"wp-block-spacer\"><\/div>\n\n\n\n<p><\/p>\n","protected":false},"excerpt":{"rendered":"","protected":false},"author":1,"featured_media":0,"parent":0,"menu_order":0,"comment_status":"closed","ping_status":"closed","template":"","meta":{"neve_meta_sidebar":"full-width","neve_meta_container":"contained","neve_meta_enable_content_width":"on","neve_meta_content_width":100,"neve_meta_title_alignment":"","neve_meta_author_avatar":"","neve_post_elements_order":"","neve_meta_disable_header":"","neve_meta_disable_footer":"","neve_meta_disable_title":"on","_themeisle_gutenberg_block_has_review":false,"footnotes":""},"class_list":["post-585","page","type-page","status-publish","hentry"],"yoast_head":"<!-- This site is optimized with the Yoast SEO plugin v25.5 - https:\/\/yoast.com\/wordpress\/plugins\/seo\/ -->\n<title>Peinture\/Imperm\u00e9abilisation - Facade Valley<\/title>\n<meta name=\"robots\" content=\"index, follow, max-snippet:-1, max-image-preview:large, max-video-preview:-1\" \/>\n<link rel=\"canonical\" href=\"https:\/\/facade-valley.fr\/?page_id=585\" \/>\n<meta property=\"og:locale\" content=\"fr_FR\" \/>\n<meta property=\"og:type\" content=\"article\" \/>\n<meta property=\"og:title\" content=\"Peinture\/Imperm\u00e9abilisation - Facade Valley\" \/>\n<meta property=\"og:url\" content=\"https:\/\/facade-valley.fr\/?page_id=585\" \/>\n<meta property=\"og:site_name\" content=\"Facade Valley\" \/>\n<meta property=\"article:modified_time\" content=\"2024-07-16T15:41:31+00:00\" \/>\n<meta property=\"og:image\" content=\"http:\/\/facade-valley.fr\/wp-content\/uploads\/2024\/06\/Image7.svg\" \/>\n<meta name=\"twitter:card\" content=\"summary_large_image\" \/>\n<meta name=\"twitter:label1\" content=\"Dur\u00e9e de lecture estim\u00e9e\" \/>\n\t<meta name=\"twitter:data1\" content=\"3 minutes\" \/>\n<script type=\"application\/ld+json\" class=\"yoast-schema-graph\">{\"@context\":\"https:\/\/schema.org\",\"@graph\":[{\"@type\":\"WebPage\",\"@id\":\"https:\/\/facade-valley.fr\/?page_id=585\",\"url\":\"https:\/\/facade-valley.fr\/?page_id=585\",\"name\":\"Peinture\/Imperm\u00e9abilisation - Facade Valley\",\"isPartOf\":{\"@id\":\"https:\/\/facade-valley.fr\/#website\"},\"primaryImageOfPage\":{\"@id\":\"https:\/\/facade-valley.fr\/?page_id=585#primaryimage\"},\"image\":{\"@id\":\"https:\/\/facade-valley.fr\/?page_id=585#primaryimage\"},\"thumbnailUrl\":\"http:\/\/facade-valley.fr\/wp-content\/uploads\/2024\/06\/Image7.svg\",\"datePublished\":\"2024-06-03T14:29:39+00:00\",\"dateModified\":\"2024-07-16T15:41:31+00:00\",\"breadcrumb\":{\"@id\":\"https:\/\/facade-valley.fr\/?page_id=585#breadcrumb\"},\"inLanguage\":\"fr-FR\",\"potentialAction\":[{\"@type\":\"ReadAction\",\"target\":[\"https:\/\/facade-valley.fr\/?page_id=585\"]}]},{\"@type\":\"ImageObject\",\"inLanguage\":\"fr-FR\",\"@id\":\"https:\/\/facade-valley.fr\/?page_id=585#primaryimage\",\"url\":\"https:\/\/facade-valley.fr\/wp-content\/uploads\/2024\/06\/Image7.svg\",\"contentUrl\":\"https:\/\/facade-valley.fr\/wp-content\/uploads\/2024\/06\/Image7.svg\",\"width\":96,\"height\":96,\"caption\":\"peinture professionnelle\"},{\"@type\":\"BreadcrumbList\",\"@id\":\"https:\/\/facade-valley.fr\/?page_id=585#breadcrumb\",\"itemListElement\":[{\"@type\":\"ListItem\",\"position\":1,\"name\":\"Accueil\",\"item\":\"https:\/\/facade-valley.fr\/\"},{\"@type\":\"ListItem\",\"position\":2,\"name\":\"Peinture\/Imperm\u00e9abilisation\"}]},{\"@type\":\"WebSite\",\"@id\":\"https:\/\/facade-valley.fr\/#website\",\"url\":\"https:\/\/facade-valley.fr\/\",\"name\":\"Facade Valley\",\"description\":\"Facade Valley - Experts en fa\u00e7ades en r\u00e9gion Indre et Loire\",\"publisher\":{\"@id\":\"https:\/\/facade-valley.fr\/#organization\"},\"potentialAction\":[{\"@type\":\"SearchAction\",\"target\":{\"@type\":\"EntryPoint\",\"urlTemplate\":\"https:\/\/facade-valley.fr\/?s={search_term_string}\"},\"query-input\":{\"@type\":\"PropertyValueSpecification\",\"valueRequired\":true,\"valueName\":\"search_term_string\"}}],\"inLanguage\":\"fr-FR\"},{\"@type\":\"Organization\",\"@id\":\"https:\/\/facade-valley.fr\/#organization\",\"name\":\"Facade Valley\",\"url\":\"https:\/\/facade-valley.fr\/\",\"logo\":{\"@type\":\"ImageObject\",\"inLanguage\":\"fr-FR\",\"@id\":\"https:\/\/facade-valley.fr\/#\/schema\/logo\/image\/\",\"url\":\"https:\/\/facade-valley.fr\/wp-content\/uploads\/2024\/05\/Color-logo-no-background.png\",\"contentUrl\":\"https:\/\/facade-valley.fr\/wp-content\/uploads\/2024\/05\/Color-logo-no-background.png\",\"width\":3172,\"height\":1377,\"caption\":\"Facade Valley\"},\"image\":{\"@id\":\"https:\/\/facade-valley.fr\/#\/schema\/logo\/image\/\"}}]}<\/script>\n<!-- \/ Yoast SEO plugin. -->","yoast_head_json":{"title":"Peinture\/Imperm\u00e9abilisation - Facade Valley","robots":{"index":"index","follow":"follow","max-snippet":"max-snippet:-1","max-image-preview":"max-image-preview:large","max-video-preview":"max-video-preview:-1"},"canonical":"https:\/\/facade-valley.fr\/?page_id=585","og_locale":"fr_FR","og_type":"article","og_title":"Peinture\/Imperm\u00e9abilisation - Facade Valley","og_url":"https:\/\/facade-valley.fr\/?page_id=585","og_site_name":"Facade Valley","article_modified_time":"2024-07-16T15:41:31+00:00","og_image":[{"url":"http:\/\/facade-valley.fr\/wp-content\/uploads\/2024\/06\/Image7.svg","type":"","width":"","height":""}],"twitter_card":"summary_large_image","twitter_misc":{"Dur\u00e9e de lecture estim\u00e9e":"3 minutes"},"schema":{"@context":"https:\/\/schema.org","@graph":[{"@type":"WebPage","@id":"https:\/\/facade-valley.fr\/?page_id=585","url":"https:\/\/facade-valley.fr\/?page_id=585","name":"Peinture\/Imperm\u00e9abilisation - Facade Valley","isPartOf":{"@id":"https:\/\/facade-valley.fr\/#website"},"primaryImageOfPage":{"@id":"https:\/\/facade-valley.fr\/?page_id=585#primaryimage"},"image":{"@id":"https:\/\/facade-valley.fr\/?page_id=585#primaryimage"},"thumbnailUrl":"http:\/\/facade-valley.fr\/wp-content\/uploads\/2024\/06\/Image7.svg","datePublished":"2024-06-03T14:29:39+00:00","dateModified":"2024-07-16T15:41:31+00:00","breadcrumb":{"@id":"https:\/\/facade-valley.fr\/?page_id=585#breadcrumb"},"inLanguage":"fr-FR","potentialAction":[{"@type":"ReadAction","target":["https:\/\/facade-valley.fr\/?page_id=585"]}]},{"@type":"ImageObject","inLanguage":"fr-FR","@id":"https:\/\/facade-valley.fr\/?page_id=585#primaryimage","url":"https:\/\/facade-valley.fr\/wp-content\/uploads\/2024\/06\/Image7.svg","contentUrl":"https:\/\/facade-valley.fr\/wp-content\/uploads\/2024\/06\/Image7.svg","width":96,"height":96,"caption":"peinture professionnelle"},{"@type":"BreadcrumbList","@id":"https:\/\/facade-valley.fr\/?page_id=585#breadcrumb","itemListElement":[{"@type":"ListItem","position":1,"name":"Accueil","item":"https:\/\/facade-valley.fr\/"},{"@type":"ListItem","position":2,"name":"Peinture\/Imperm\u00e9abilisation"}]},{"@type":"WebSite","@id":"https:\/\/facade-valley.fr\/#website","url":"https:\/\/facade-valley.fr\/","name":"Facade Valley","description":"Facade Valley - Experts en fa\u00e7ades en r\u00e9gion Indre et Loire","publisher":{"@id":"https:\/\/facade-valley.fr\/#organization"},"potentialAction":[{"@type":"SearchAction","target":{"@type":"EntryPoint","urlTemplate":"https:\/\/facade-valley.fr\/?s={search_term_string}"},"query-input":{"@type":"PropertyValueSpecification","valueRequired":true,"valueName":"search_term_string"}}],"inLanguage":"fr-FR"},{"@type":"Organization","@id":"https:\/\/facade-valley.fr\/#organization","name":"Facade Valley","url":"https:\/\/facade-valley.fr\/","logo":{"@type":"ImageObject","inLanguage":"fr-FR","@id":"https:\/\/facade-valley.fr\/#\/schema\/logo\/image\/","url":"https:\/\/facade-valley.fr\/wp-content\/uploads\/2024\/05\/Color-logo-no-background.png","contentUrl":"https:\/\/facade-valley.fr\/wp-content\/uploads\/2024\/05\/Color-logo-no-background.png","width":3172,"height":1377,"caption":"Facade Valley"},"image":{"@id":"https:\/\/facade-valley.fr\/#\/schema\/logo\/image\/"}}]}},"_links":{"self":[{"href":"https:\/\/facade-valley.fr\/index.php?rest_route=\/wp\/v2\/pages\/585","targetHints":{"allow":["GET"]}}],"collection":[{"href":"https:\/\/facade-valley.fr\/index.php?rest_route=\/wp\/v2\/pages"}],"about":[{"href":"https:\/\/facade-valley.fr\/index.php?rest_route=\/wp\/v2\/types\/page"}],"author":[{"embeddable":true,"href":"https:\/\/facade-valley.fr\/index.php?rest_route=\/wp\/v2\/users\/1"}],"replies":[{"embeddable":true,"href":"https:\/\/facade-valley.fr\/index.php?rest_route=%2Fwp%2Fv2%2Fcomments&post=585"}],"version-history":[{"count":27,"href":"https:\/\/facade-valley.fr\/index.php?rest_route=\/wp\/v2\/pages\/585\/revisions"}],"predecessor-version":[{"id":1040,"href":"https:\/\/facade-valley.fr\/index.php?rest_route=\/wp\/v2\/pages\/585\/revisions\/1040"}],"wp:attachment":[{"href":"https:\/\/facade-valley.fr\/index.php?rest_route=%2Fwp%2Fv2%2Fmedia&parent=585"}],"curies":[{"name":"wp","href":"https:\/\/api.w.org\/{rel}","templated":true}]}}