{"id":584,"date":"2024-06-03T16:29:39","date_gmt":"2024-06-03T14:29:39","guid":{"rendered":"https:\/\/facade-valley.fr\/?page_id=584"},"modified":"2024-07-16T17:42:41","modified_gmt":"2024-07-16T15:42:41","slug":"isolation-thermique","status":"publish","type":"page","link":"https:\/\/facade-valley.fr\/?page_id=584","title":{"rendered":"Isolation thermique"},"content":{"rendered":"\n<div class=\"wp-block-cover alignfull is-light\" style=\"min-height:922px;aspect-ratio:unset;\"><span aria-hidden=\"true\" class=\"wp-block-cover__background has-nv-light-bg-background-color has-background-dim-100 has-background-dim\"><\/span><div class=\"wp-block-cover__inner-container is-layout-flow wp-block-cover-is-layout-flow\">\n<div class=\"wp-block-cover alignwide is-light\" style=\"min-height:836px;aspect-ratio:unset;\"><span aria-hidden=\"true\" class=\"wp-block-cover__background has-nv-site-bg-background-color has-background-dim-100 has-background-dim\"><\/span><div class=\"wp-block-cover__inner-container is-layout-flow wp-block-cover-is-layout-flow\"><div class=\"wp-block-image icon-style is-style-rounded wp-duotone-unset-1\">\n<figure class=\"aligncenter size-full\"><img loading=\"lazy\" decoding=\"async\" width=\"96\" height=\"96\" src=\"http:\/\/facade-valley.fr\/wp-content\/uploads\/2024\/06\/Image8.svg\" alt=\"\" class=\"wp-image-557\"\/><\/figure>\n<\/div>\n\n\n<h2 class=\"wp-block-heading has-text-align-center has-neve-text-color-color has-text-color\">Isolation Thermique Ext\u00e9rieure<\/h2>\n\n\n<div class=\"wp-block-image\">\n<figure class=\"aligncenter size-full is-resized\"><img loading=\"lazy\" decoding=\"async\" width=\"880\" height=\"578\" src=\"http:\/\/facade-valley.fr\/wp-content\/uploads\/2024\/07\/audit-obligatoire.jpeg\" alt=\"\" class=\"wp-image-1032\" style=\"width:368px;height:auto\" srcset=\"https:\/\/facade-valley.fr\/wp-content\/uploads\/2024\/07\/audit-obligatoire.jpeg 880w, https:\/\/facade-valley.fr\/wp-content\/uploads\/2024\/07\/audit-obligatoire-300x197.jpeg 300w, https:\/\/facade-valley.fr\/wp-content\/uploads\/2024\/07\/audit-obligatoire-768x504.jpeg 768w\" sizes=\"auto, (max-width: 880px) 100vw, 880px\" \/><\/figure>\n<\/div>\n\n\n<p><\/p>\n\n\n\n<p class=\"has-text-align-center\" style=\"padding-right:var(--wp--preset--spacing--40);padding-left:var(--wp--preset--spacing--40)\">L&rsquo;Isolation Thermique par l&rsquo;Ext\u00e9rieur (ITE) repr\u00e9sente une <mark style=\"background-color:rgba(0, 0, 0, 0)\" class=\"has-inline-color has-neve-link-hover-color-color\"><strong>solution innovante<\/strong><\/mark> pour am\u00e9liorer<br><span class=\"highlight\">l&rsquo;<mark style=\"background-color:rgba(0, 0, 0, 0)\" class=\"has-inline-color has-neve-link-hover-color-color\"><strong>efficacit\u00e9<\/strong><\/mark><\/span><mark style=\"background-color:rgba(0, 0, 0, 0)\" class=\"has-inline-color has-neve-link-hover-color-color\"><strong> \u00e9nerg\u00e9tique<\/strong><\/mark> de votre maison et embellir vos fa\u00e7ades.<br><br>En appliquant un <mark style=\"background-color:rgba(0, 0, 0, 0)\" class=\"has-inline-color has-neve-link-color-color\"><strong>isolant de haute qualit\u00e9<\/strong><\/mark> (avec certification ACERMI) sur les murs ext\u00e9rieurs et en appliquant un rev\u00eatement adapt\u00e9, <mark style=\"background-color:rgba(0, 0, 0, 0)\" class=\"has-inline-color has-neve-link-hover-color-color\"><strong>Fa\u00e7ade Valley<\/strong><\/mark> vous propose une solution int\u00e9grale pour un confort optimal tout au long de l&rsquo;ann\u00e9e.<\/p>\n\n\n\n<div class=\"wp-block-columns is-layout-flex wp-container-core-columns-is-layout-9d6595d7 wp-block-columns-is-layout-flex\">\n<div class=\"wp-block-column is-vertically-aligned-center is-layout-flow wp-block-column-is-layout-flow\" style=\"flex-basis:100%\">\n<ul class=\"wp-block-list\">\n<li style=\"padding-right:var(--wp--preset--spacing--40);padding-left:var(--wp--preset--spacing--40)\">Finies les <mark style=\"background-color:rgba(0, 0, 0, 0)\" class=\"has-inline-color has-neve-link-color-color\"><strong>d\u00e9perditions en&nbsp;hiver<\/strong><\/mark>&nbsp;: une maison bien isol\u00e9e emp\u00eache le transfert de chaleur pour garder votre habitation&nbsp;<strong>bien au chaud<\/strong>.<\/li>\n\n\n\n<li style=\"padding-right:var(--wp--preset--spacing--40);padding-left:var(--wp--preset--spacing--40)\">En&nbsp;<strong>\u00e9t\u00e9<\/strong>, plus besoin de ventilateurs : une bonne isolation <mark style=\"background-color:rgba(0, 0, 0, 0)\" class=\"has-inline-color has-neve-link-color-color\"><strong>maintient l\u2019int\u00e9rieur&nbsp;frais<\/strong><\/mark>&nbsp;et emp\u00eache la chaleur estivale de p\u00e9n\u00e9trer.<\/li>\n\n\n\n<li style=\"padding-right:var(--wp--preset--spacing--40);padding-left:var(--wp--preset--spacing--40)\">Les bruits ext\u00e9rieurs ne seront plus qu\u2019un mauvais souvenir : la plupart des isolants <mark style=\"background-color:rgba(0, 0, 0, 0)\" class=\"has-inline-color has-neve-link-color-color\"><strong>r\u00e9duisent le niveau de transmission sonore<\/strong><\/mark> pour am\u00e9liorer le&nbsp;<strong>confort acoustique<\/strong>.<\/li>\n\n\n\n<li style=\"padding-right:var(--wp--preset--spacing--40);padding-left:var(--wp--preset--spacing--40)\">Des&nbsp;<strong><mark style=\"background-color:rgba(0, 0, 0, 0)\" class=\"has-inline-color has-neve-link-color-color\">b\u00e9n\u00e9fices \u00e9conomiques<\/mark><\/strong>&nbsp;sont \u00e9galement \u00e0 pr\u00e9voir : en isolant votre maison, vous \u00e9conomiserez de l\u2019\u00e9nergie en all\u00e9geant votre facture de chauffage !<\/li>\n<\/ul>\n<\/div>\n<\/div>\n<\/div><\/div>\n<\/div><\/div>\n\n\n\n<div class=\"wp-block-cover alignfull is-light\" style=\"padding-right:0;padding-left:0\"><span aria-hidden=\"true\" class=\"wp-block-cover__background has-nv-site-bg-background-color has-background-dim-100 has-background-dim\"><\/span><div class=\"wp-block-cover__inner-container is-layout-flow wp-block-cover-is-layout-flow\">\n<div style=\"height:80px\" aria-hidden=\"true\" class=\"wp-block-spacer\"><\/div>\n\n\n\n<div class=\"wp-block-columns alignwide is-layout-flex wp-container-core-columns-is-layout-9d6595d7 wp-block-columns-is-layout-flex\">\n<div class=\"wp-block-column is-layout-flow wp-block-column-is-layout-flow\" style=\"padding-right:var(--wp--preset--spacing--40);padding-left:var(--wp--preset--spacing--40)\">\n<h3 class=\"wp-block-heading has-neve-text-color-color has-text-color\" style=\"padding-right:var(--wp--preset--spacing--40);padding-left:var(--wp--preset--spacing--40)\">Pourquoi choisir l&rsquo;ITE pour votre maison ? <\/h3>\n\n\n\n<p style=\"padding-right:var(--wp--preset--spacing--40);padding-left:var(--wp--preset--spacing--40)\">Avantages de l\u2019isolation thermique par <br>l\u2019ext\u00e9rieur :<br><kbd>\u2022<\/kbd> <mark style=\"background-color:rgba(0, 0, 0, 0)\" class=\"has-inline-color has-neve-link-color-color\"><strong>R\u00e9duction significative des d\u00e9penses de chauffage<\/strong><\/mark> : Gr\u00e2ce \u00e0 l\u2019ITE, vous pouvez minimiser vos d\u00e9penses \u00e9nerg\u00e9tiques sans sacrifier de l\u2019espace habitable.<br><kbd>\u2022<\/kbd> <mark style=\"background-color:rgba(0, 0, 0, 0)\" class=\"has-inline-color has-neve-link-color-color\"><strong>Embellissement de votre bien<\/strong><\/mark> : L\u2019ITE offre la possibilit\u00e9 de revaloriser votre maison en lui offrant un nouveau look moderne et attrayant.<br><kbd>\u2022<\/kbd> <mark style=\"background-color:rgba(0, 0, 0, 0)\" class=\"has-inline-color has-neve-link-color-color\"><strong>Acc\u00e8s \u00e0 des aides <\/strong><\/mark>: B\u00e9n\u00e9ficiez d\u2019un accompagnement pour profiter des aides de l\u2019\u00c9tat destin\u00e9es \u00e0 l\u2019am\u00e9lioration de l\u2019efficacit\u00e9 \u00e9nerg\u00e9tique.<\/p>\n<\/div>\n\n\n\n<div class=\"wp-block-column is-layout-flow wp-block-column-is-layout-flow\" style=\"padding-right:var(--wp--preset--spacing--40);padding-left:var(--wp--preset--spacing--40)\">\n<h3 class=\"wp-block-heading has-neve-text-color-color has-text-color\" style=\"padding-right:var(--wp--preset--spacing--40);padding-left:var(--wp--preset--spacing--40)\">Comment choisir les bons mat\u00e9riaux isolants &amp; rev\u00eatements ?<\/h3>\n\n\n\n<p style=\"padding-right:var(--wp--preset--spacing--40);padding-left:var(--wp--preset--spacing--40)\">Les isolants que nous utilisons couvrent une large gamme de besoins :<br><kbd>\u2022<\/kbd> <mark style=\"background-color:rgba(0, 0, 0, 0)\" class=\"has-inline-color has-neve-link-color-color\"><strong>Polystyr\u00e8nes <\/strong>:<strong> <mark style=\"background-color:rgba(0, 0, 0, 0)\" class=\"has-inline-color has-neve-link-color-color\"><strong>\u00c9<\/strong><\/mark>conomiques et performants<\/strong><\/mark>, ces isolants sont compos\u00e9s<br>principalement d\u2019air, assurant ainsi une isolation optimale.<br><kbd>\u2022<\/kbd> <mark style=\"background-color:rgba(0, 0, 0, 0)\" class=\"has-inline-color has-neve-link-color-color\"><strong>Laine de Roche<\/strong><\/mark>, <mark style=\"background-color:rgba(0, 0, 0, 0)\" class=\"has-inline-color has-neve-link-color-color\"><strong>panneaux de Fibre de bois<\/strong><\/mark>, <mark style=\"background-color:rgba(0, 0, 0, 0)\" class=\"has-inline-color has-neve-link-color-color\"><strong>Chanvre<\/strong><\/mark>, <mark style=\"background-color:rgba(0, 0, 0, 0)\" class=\"has-inline-color has-neve-link-color-color\"><strong>Laine de Bois<\/strong><\/mark><mark style=\"background-color:rgba(0, 0, 0, 0)\" class=\"has-inline-color has-nv-dark-bg-color\">,<\/mark><mark style=\"background-color:rgba(0, 0, 0, 0)\" class=\"has-inline-color has-neve-link-color-color\"><strong> Li\u00e8ge<\/strong><\/mark> : Nous proposons \u00e9galement des alternatives durables Bio sourc\u00e9es qui offrent d\u2019excellentes performances thermiques et acoustiques avec une <mark style=\"background-color:rgba(0, 0, 0, 0)\" class=\"has-inline-color has-neve-link-color-color\"><strong>tra\u00e7abilit\u00e9<\/strong><\/mark> tout au long de la chaine logistique.<br><br>En ce qui concerne les rev\u00eatements, nous vous offrons un choix vari\u00e9 adapt\u00e9 aux r\u00e9glementations locales. Nos <mark style=\"background-color:rgba(0, 0, 0, 0)\" class=\"has-inline-color has-neve-link-color-color\"><strong>finitions diversifi\u00e9es<\/strong><\/mark> (taloch\u00e9e, gratt\u00e9e, etc.) ainsi que notre large palette de couleurs vous permettent une personnalisation compl\u00e8te de votre fa\u00e7ade.<\/p>\n<\/div>\n<\/div>\n\n\n\n<div style=\"height:0px\" aria-hidden=\"true\" class=\"wp-block-spacer\"><\/div>\n<\/div><\/div>\n\n\n\n<div class=\"wp-block-cover aligncenter is-light\" style=\"min-height:438px;aspect-ratio:unset;\"><span aria-hidden=\"true\" class=\"wp-block-cover__background has-nv-dark-bg-background-color has-background-dim-80 has-background-dim\"><\/span><img loading=\"lazy\" decoding=\"async\" width=\"1000\" height=\"1000\" class=\"wp-block-cover__image-background wp-image-616\" alt=\"\" src=\"http:\/\/facade-valley.fr\/wp-content\/uploads\/2024\/06\/acceuil.jpg\" data-object-fit=\"cover\" srcset=\"https:\/\/facade-valley.fr\/wp-content\/uploads\/2024\/06\/acceuil.jpg 1000w, https:\/\/facade-valley.fr\/wp-content\/uploads\/2024\/06\/acceuil-300x300.jpg 300w, https:\/\/facade-valley.fr\/wp-content\/uploads\/2024\/06\/acceuil-150x150.jpg 150w, https:\/\/facade-valley.fr\/wp-content\/uploads\/2024\/06\/acceuil-768x768.jpg 768w\" sizes=\"auto, (max-width: 1000px) 100vw, 1000px\" \/><div class=\"wp-block-cover__inner-container is-layout-flow wp-block-cover-is-layout-flow\">\n<h2 class=\"wp-block-heading has-text-align-center has-nv-text-dark-bg-color has-text-color\">Entretien &amp; Garantie<\/h2>\n\n\n\n<p class=\"has-text-align-center has-nv-site-bg-color has-text-color has-link-color wp-elements-faf7a76ec17491c68bf8f9a6c29bacd8\">Notre Isolation Thermique par l\u2019Ext\u00e9rieur (ITE) est assortie d\u2019une garantie d\u00e9cennale, vous<br>assurant une tranquillit\u00e9 pour les dix ann\u00e9es suivant la r\u00e9ception du chantier.<br>En ce qui concerne l\u2019entretien, nous vous fournissons des conseils avis\u00e9s et des solutions<br>pour pr\u00e9server \u00e0 la fois l\u2019esth\u00e9tique et la performance de votre isolation contre<br>l\u2019encrassement et les conditions environnementales<\/p>\n\n\n\n<div class=\"wp-block-buttons is-horizontal is-content-justification-center is-layout-flex wp-container-core-buttons-is-layout-499968f5 wp-block-buttons-is-layout-flex\">\n<div class=\"wp-block-button is-style-primary\"><a class=\"wp-block-button__link has-nv-site-bg-color has-text-color has-link-color wp-element-button\" href=\"https:\/\/facade-valley.fr\/#contact-valley\">Nous contacter <\/a><\/div>\n<\/div>\n<\/div><\/div>\n\n\n\n<div style=\"height:64px\" aria-hidden=\"true\" class=\"wp-block-spacer\"><\/div>\n","protected":false},"excerpt":{"rendered":"","protected":false},"author":1,"featured_media":0,"parent":0,"menu_order":0,"comment_status":"closed","ping_status":"closed","template":"","meta":{"neve_meta_sidebar":"full-width","neve_meta_container":"contained","neve_meta_enable_content_width":"on","neve_meta_content_width":100,"neve_meta_title_alignment":"","neve_meta_author_avatar":"","neve_post_elements_order":"","neve_meta_disable_header":"","neve_meta_disable_footer":"","neve_meta_disable_title":"on","_themeisle_gutenberg_block_has_review":false,"footnotes":""},"class_list":["post-584","page","type-page","status-publish","hentry"],"yoast_head":"<!-- This site is optimized with the Yoast SEO plugin v25.5 - https:\/\/yoast.com\/wordpress\/plugins\/seo\/ -->\n<title>Isolation thermique - Facade Valley<\/title>\n<meta name=\"robots\" content=\"index, follow, max-snippet:-1, max-image-preview:large, max-video-preview:-1\" \/>\n<link rel=\"canonical\" href=\"https:\/\/facade-valley.fr\/?page_id=584\" \/>\n<meta property=\"og:locale\" content=\"fr_FR\" \/>\n<meta property=\"og:type\" content=\"article\" \/>\n<meta property=\"og:title\" content=\"Isolation thermique - Facade Valley\" \/>\n<meta property=\"og:url\" content=\"https:\/\/facade-valley.fr\/?page_id=584\" \/>\n<meta property=\"og:site_name\" content=\"Facade Valley\" \/>\n<meta property=\"article:modified_time\" content=\"2024-07-16T15:42:41+00:00\" \/>\n<meta property=\"og:image\" content=\"http:\/\/facade-valley.fr\/wp-content\/uploads\/2024\/06\/Image8.svg\" \/>\n<meta name=\"twitter:card\" content=\"summary_large_image\" \/>\n<meta name=\"twitter:label1\" content=\"Dur\u00e9e de lecture estim\u00e9e\" \/>\n\t<meta name=\"twitter:data1\" content=\"3 minutes\" \/>\n<script type=\"application\/ld+json\" class=\"yoast-schema-graph\">{\"@context\":\"https:\/\/schema.org\",\"@graph\":[{\"@type\":\"WebPage\",\"@id\":\"https:\/\/facade-valley.fr\/?page_id=584\",\"url\":\"https:\/\/facade-valley.fr\/?page_id=584\",\"name\":\"Isolation thermique - Facade Valley\",\"isPartOf\":{\"@id\":\"https:\/\/facade-valley.fr\/#website\"},\"primaryImageOfPage\":{\"@id\":\"https:\/\/facade-valley.fr\/?page_id=584#primaryimage\"},\"image\":{\"@id\":\"https:\/\/facade-valley.fr\/?page_id=584#primaryimage\"},\"thumbnailUrl\":\"http:\/\/facade-valley.fr\/wp-content\/uploads\/2024\/06\/Image8.svg\",\"datePublished\":\"2024-06-03T14:29:39+00:00\",\"dateModified\":\"2024-07-16T15:42:41+00:00\",\"breadcrumb\":{\"@id\":\"https:\/\/facade-valley.fr\/?page_id=584#breadcrumb\"},\"inLanguage\":\"fr-FR\",\"potentialAction\":[{\"@type\":\"ReadAction\",\"target\":[\"https:\/\/facade-valley.fr\/?page_id=584\"]}]},{\"@type\":\"ImageObject\",\"inLanguage\":\"fr-FR\",\"@id\":\"https:\/\/facade-valley.fr\/?page_id=584#primaryimage\",\"url\":\"https:\/\/facade-valley.fr\/wp-content\/uploads\/2024\/06\/Image8.svg\",\"contentUrl\":\"https:\/\/facade-valley.fr\/wp-content\/uploads\/2024\/06\/Image8.svg\",\"width\":96,\"height\":96,\"caption\":\"isolation thermique\"},{\"@type\":\"BreadcrumbList\",\"@id\":\"https:\/\/facade-valley.fr\/?page_id=584#breadcrumb\",\"itemListElement\":[{\"@type\":\"ListItem\",\"position\":1,\"name\":\"Accueil\",\"item\":\"https:\/\/facade-valley.fr\/\"},{\"@type\":\"ListItem\",\"position\":2,\"name\":\"Isolation thermique\"}]},{\"@type\":\"WebSite\",\"@id\":\"https:\/\/facade-valley.fr\/#website\",\"url\":\"https:\/\/facade-valley.fr\/\",\"name\":\"Facade Valley\",\"description\":\"Facade Valley - Experts en fa\u00e7ades en r\u00e9gion Indre et Loire\",\"publisher\":{\"@id\":\"https:\/\/facade-valley.fr\/#organization\"},\"potentialAction\":[{\"@type\":\"SearchAction\",\"target\":{\"@type\":\"EntryPoint\",\"urlTemplate\":\"https:\/\/facade-valley.fr\/?s={search_term_string}\"},\"query-input\":{\"@type\":\"PropertyValueSpecification\",\"valueRequired\":true,\"valueName\":\"search_term_string\"}}],\"inLanguage\":\"fr-FR\"},{\"@type\":\"Organization\",\"@id\":\"https:\/\/facade-valley.fr\/#organization\",\"name\":\"Facade Valley\",\"url\":\"https:\/\/facade-valley.fr\/\",\"logo\":{\"@type\":\"ImageObject\",\"inLanguage\":\"fr-FR\",\"@id\":\"https:\/\/facade-valley.fr\/#\/schema\/logo\/image\/\",\"url\":\"https:\/\/facade-valley.fr\/wp-content\/uploads\/2024\/05\/Color-logo-no-background.png\",\"contentUrl\":\"https:\/\/facade-valley.fr\/wp-content\/uploads\/2024\/05\/Color-logo-no-background.png\",\"width\":3172,\"height\":1377,\"caption\":\"Facade Valley\"},\"image\":{\"@id\":\"https:\/\/facade-valley.fr\/#\/schema\/logo\/image\/\"}}]}<\/script>\n<!-- \/ Yoast SEO plugin. -->","yoast_head_json":{"title":"Isolation thermique - Facade Valley","robots":{"index":"index","follow":"follow","max-snippet":"max-snippet:-1","max-image-preview":"max-image-preview:large","max-video-preview":"max-video-preview:-1"},"canonical":"https:\/\/facade-valley.fr\/?page_id=584","og_locale":"fr_FR","og_type":"article","og_title":"Isolation thermique - Facade Valley","og_url":"https:\/\/facade-valley.fr\/?page_id=584","og_site_name":"Facade Valley","article_modified_time":"2024-07-16T15:42:41+00:00","og_image":[{"url":"http:\/\/facade-valley.fr\/wp-content\/uploads\/2024\/06\/Image8.svg","type":"","width":"","height":""}],"twitter_card":"summary_large_image","twitter_misc":{"Dur\u00e9e de lecture estim\u00e9e":"3 minutes"},"schema":{"@context":"https:\/\/schema.org","@graph":[{"@type":"WebPage","@id":"https:\/\/facade-valley.fr\/?page_id=584","url":"https:\/\/facade-valley.fr\/?page_id=584","name":"Isolation thermique - Facade Valley","isPartOf":{"@id":"https:\/\/facade-valley.fr\/#website"},"primaryImageOfPage":{"@id":"https:\/\/facade-valley.fr\/?page_id=584#primaryimage"},"image":{"@id":"https:\/\/facade-valley.fr\/?page_id=584#primaryimage"},"thumbnailUrl":"http:\/\/facade-valley.fr\/wp-content\/uploads\/2024\/06\/Image8.svg","datePublished":"2024-06-03T14:29:39+00:00","dateModified":"2024-07-16T15:42:41+00:00","breadcrumb":{"@id":"https:\/\/facade-valley.fr\/?page_id=584#breadcrumb"},"inLanguage":"fr-FR","potentialAction":[{"@type":"ReadAction","target":["https:\/\/facade-valley.fr\/?page_id=584"]}]},{"@type":"ImageObject","inLanguage":"fr-FR","@id":"https:\/\/facade-valley.fr\/?page_id=584#primaryimage","url":"https:\/\/facade-valley.fr\/wp-content\/uploads\/2024\/06\/Image8.svg","contentUrl":"https:\/\/facade-valley.fr\/wp-content\/uploads\/2024\/06\/Image8.svg","width":96,"height":96,"caption":"isolation thermique"},{"@type":"BreadcrumbList","@id":"https:\/\/facade-valley.fr\/?page_id=584#breadcrumb","itemListElement":[{"@type":"ListItem","position":1,"name":"Accueil","item":"https:\/\/facade-valley.fr\/"},{"@type":"ListItem","position":2,"name":"Isolation thermique"}]},{"@type":"WebSite","@id":"https:\/\/facade-valley.fr\/#website","url":"https:\/\/facade-valley.fr\/","name":"Facade Valley","description":"Facade Valley - Experts en fa\u00e7ades en r\u00e9gion Indre et Loire","publisher":{"@id":"https:\/\/facade-valley.fr\/#organization"},"potentialAction":[{"@type":"SearchAction","target":{"@type":"EntryPoint","urlTemplate":"https:\/\/facade-valley.fr\/?s={search_term_string}"},"query-input":{"@type":"PropertyValueSpecification","valueRequired":true,"valueName":"search_term_string"}}],"inLanguage":"fr-FR"},{"@type":"Organization","@id":"https:\/\/facade-valley.fr\/#organization","name":"Facade Valley","url":"https:\/\/facade-valley.fr\/","logo":{"@type":"ImageObject","inLanguage":"fr-FR","@id":"https:\/\/facade-valley.fr\/#\/schema\/logo\/image\/","url":"https:\/\/facade-valley.fr\/wp-content\/uploads\/2024\/05\/Color-logo-no-background.png","contentUrl":"https:\/\/facade-valley.fr\/wp-content\/uploads\/2024\/05\/Color-logo-no-background.png","width":3172,"height":1377,"caption":"Facade Valley"},"image":{"@id":"https:\/\/facade-valley.fr\/#\/schema\/logo\/image\/"}}]}},"_links":{"self":[{"href":"https:\/\/facade-valley.fr\/index.php?rest_route=\/wp\/v2\/pages\/584","targetHints":{"allow":["GET"]}}],"collection":[{"href":"https:\/\/facade-valley.fr\/index.php?rest_route=\/wp\/v2\/pages"}],"about":[{"href":"https:\/\/facade-valley.fr\/index.php?rest_route=\/wp\/v2\/types\/page"}],"author":[{"embeddable":true,"href":"https:\/\/facade-valley.fr\/index.php?rest_route=\/wp\/v2\/users\/1"}],"replies":[{"embeddable":true,"href":"https:\/\/facade-valley.fr\/index.php?rest_route=%2Fwp%2Fv2%2Fcomments&post=584"}],"version-history":[{"count":43,"href":"https:\/\/facade-valley.fr\/index.php?rest_route=\/wp\/v2\/pages\/584\/revisions"}],"predecessor-version":[{"id":1042,"href":"https:\/\/facade-valley.fr\/index.php?rest_route=\/wp\/v2\/pages\/584\/revisions\/1042"}],"wp:attachment":[{"href":"https:\/\/facade-valley.fr\/index.php?rest_route=%2Fwp%2Fv2%2Fmedia&parent=584"}],"curies":[{"name":"wp","href":"https:\/\/api.w.org\/{rel}","templated":true}]}}